{"id":136,"date":"2020-10-25T19:49:14","date_gmt":"2020-10-25T18:49:14","guid":{"rendered":"http:\/\/tt.anmirliegts.net\/?page_id=131"},"modified":"2020-10-25T19:49:14","modified_gmt":"2020-10-25T18:49:14","slug":"impressum","status":"publish","type":"page","link":"https:\/\/tischtennis-weisenbach.de\/index.php\/impressum\/","title":{"rendered":"Impressum"},"content":{"rendered":"\n<p>Nachfolgend Angaben zur allgemeinen Informationspflicht:<\/p>\n\n\n\n<p>Turnverein Weisenbach e. V.<br>Sporthalle Gaisbachstrasse, 76599 Weisenbach<br>Tel.: 07224\/4446<br>Egner, Gerhard<br>Im Viertel 4, 767599 Weisenbach<br>Tel. P. 07224\/3473 E-Mail: gerhard.egner@web.de<br>internet: www.tischtennis-weisenbach.de<br>Vertretungsberechtigter Vorsitzender des TV Weisenbach e.V.: Roland Sch\u00e4fer<\/p>\n\n\n\n<p>Registergericht: Amtsgericht Gernsbach<br>Registernummer: 20<br>Inhaltlich verantwortlich gem\u00e4\u00df \u00a76 MDSTV: Ingo Weiler<\/p>\n\n\n\n<p>Haftungshinweis: Trotz sorgf\u00e4ltiger inhaltlicher Kontrolle \u00fcbernehmen wir keine Haftung f\u00fcr den Inhalt externer Links. F\u00fcr den Inhalt der verlinkten Seiten sind ausschlie\u00dflich deren Betreiber verantwortlich.<\/p>\n\n\n\n<p>Bitte lesen Sie hierzu auch den<\/p>\n\n\n\n<figure class=\"wp-block-image\"><a href=\"http:\/\/www.disclaimer.de\/disclaimer.htm?farbe=FFC\"><img decoding=\"async\" src=\"http:\/\/www.disclaimer.de\/images\/d_gold.gif\" alt=\"disclaimer\"\/><\/a><\/figure>\n","protected":false},"excerpt":{"rendered":"<p>Nachfolgend Angaben zur allgemeinen Informationspflicht: Turnverein Weisenbach e. V.Sporthalle Gaisbachstrasse, 76599 WeisenbachTel.: 07224\/4446Egner, GerhardIm Viertel 4, 767599 WeisenbachTel. P. 07224\/3473 E-Mail: gerhard.egner@web.deinternet: www.tischtennis-weisenbach.deVertretungsberechtigter Vorsitzender des TV Weisenbach e.V.: Roland Sch\u00e4fer Registergericht: Amtsgericht GernsbachRegisternummer: 20Inhaltlich verantwortlich gem\u00e4\u00df \u00a76 MDSTV: Ingo Weiler Haftungshinweis: Trotz sorgf\u00e4ltiger inhaltlicher Kontrolle \u00fcbernehmen wir keine Haftung f\u00fcr den Inhalt externer Links. F\u00fcr [&hellip;]<\/p>\n","protected":false},"author":1,"featured_media":0,"parent":0,"menu_order":0,"comment_status":"closed","ping_status":"closed","template":"","meta":{"footnotes":""},"class_list":["post-136","page","type-page","status-publish","czr-hentry"],"yoast_head":"<!-- This site is optimized with the Yoast SEO plugin v27.5 - https:\/\/yoast.com\/product\/yoast-seo-wordpress\/ -->\n<title>Impressum - tischtennis-weisenbach.de<\/title>\n<meta name=\"robots\" content=\"index, follow, max-snippet:-1, max-image-preview:large, max-video-preview:-1\" \/>\n<link rel=\"canonical\" href=\"https:\/\/tischtennis-weisenbach.de\/index.php\/impressum\/\" \/>\n<meta property=\"og:locale\" content=\"de_DE\" \/>\n<meta property=\"og:type\" content=\"article\" \/>\n<meta property=\"og:title\" content=\"Impressum - tischtennis-weisenbach.de\" \/>\n<meta property=\"og:description\" content=\"Nachfolgend Angaben zur allgemeinen Informationspflicht: Turnverein Weisenbach e. V.Sporthalle Gaisbachstrasse, 76599 WeisenbachTel.: 07224\/4446Egner, GerhardIm Viertel 4, 767599 WeisenbachTel. P. 07224\/3473 E-Mail: gerhard.egner@web.deinternet: www.tischtennis-weisenbach.deVertretungsberechtigter Vorsitzender des TV Weisenbach e.V.: Roland Sch\u00e4fer Registergericht: Amtsgericht GernsbachRegisternummer: 20Inhaltlich verantwortlich gem\u00e4\u00df \u00a76 MDSTV: Ingo Weiler Haftungshinweis: Trotz sorgf\u00e4ltiger inhaltlicher Kontrolle \u00fcbernehmen wir keine Haftung f\u00fcr den Inhalt externer Links. F\u00fcr [&hellip;]\" \/>\n<meta property=\"og:url\" content=\"https:\/\/tischtennis-weisenbach.de\/index.php\/impressum\/\" \/>\n<meta property=\"og:site_name\" content=\"tischtennis-weisenbach.de\" \/>\n<meta property=\"og:image\" content=\"http:\/\/www.disclaimer.de\/images\/d_gold.gif\" \/>\n<meta name=\"twitter:card\" content=\"summary_large_image\" \/>\n<script type=\"application\/ld+json\" class=\"yoast-schema-graph\">{\"@context\":\"https:\\\/\\\/schema.org\",\"@graph\":[{\"@type\":\"WebPage\",\"@id\":\"https:\\\/\\\/tischtennis-weisenbach.de\\\/index.php\\\/impressum\\\/\",\"url\":\"https:\\\/\\\/tischtennis-weisenbach.de\\\/index.php\\\/impressum\\\/\",\"name\":\"Impressum - tischtennis-weisenbach.de\",\"isPartOf\":{\"@id\":\"https:\\\/\\\/tischtennis-weisenbach.de\\\/#website\"},\"primaryImageOfPage\":{\"@id\":\"https:\\\/\\\/tischtennis-weisenbach.de\\\/index.php\\\/impressum\\\/#primaryimage\"},\"image\":{\"@id\":\"https:\\\/\\\/tischtennis-weisenbach.de\\\/index.php\\\/impressum\\\/#primaryimage\"},\"thumbnailUrl\":\"http:\\\/\\\/www.disclaimer.de\\\/images\\\/d_gold.gif\",\"datePublished\":\"2020-10-25T18:49:14+00:00\",\"breadcrumb\":{\"@id\":\"https:\\\/\\\/tischtennis-weisenbach.de\\\/index.php\\\/impressum\\\/#breadcrumb\"},\"inLanguage\":\"de\",\"potentialAction\":[{\"@type\":\"ReadAction\",\"target\":[\"https:\\\/\\\/tischtennis-weisenbach.de\\\/index.php\\\/impressum\\\/\"]}]},{\"@type\":\"ImageObject\",\"inLanguage\":\"de\",\"@id\":\"https:\\\/\\\/tischtennis-weisenbach.de\\\/index.php\\\/impressum\\\/#primaryimage\",\"url\":\"http:\\\/\\\/www.disclaimer.de\\\/images\\\/d_gold.gif\",\"contentUrl\":\"http:\\\/\\\/www.disclaimer.de\\\/images\\\/d_gold.gif\"},{\"@type\":\"BreadcrumbList\",\"@id\":\"https:\\\/\\\/tischtennis-weisenbach.de\\\/index.php\\\/impressum\\\/#breadcrumb\",\"itemListElement\":[{\"@type\":\"ListItem\",\"position\":1,\"name\":\"Home\",\"item\":\"https:\\\/\\\/tischtennis-weisenbach.de\\\/\"},{\"@type\":\"ListItem\",\"position\":2,\"name\":\"Impressum\"}]},{\"@type\":\"WebSite\",\"@id\":\"https:\\\/\\\/tischtennis-weisenbach.de\\\/#website\",\"url\":\"https:\\\/\\\/tischtennis-weisenbach.de\\\/\",\"name\":\"tischtennis-weisenbach.de\",\"description\":\"\",\"publisher\":{\"@id\":\"https:\\\/\\\/tischtennis-weisenbach.de\\\/#organization\"},\"potentialAction\":[{\"@type\":\"SearchAction\",\"target\":{\"@type\":\"EntryPoint\",\"urlTemplate\":\"https:\\\/\\\/tischtennis-weisenbach.de\\\/?s={search_term_string}\"},\"query-input\":{\"@type\":\"PropertyValueSpecification\",\"valueRequired\":true,\"valueName\":\"search_term_string\"}}],\"inLanguage\":\"de\"},{\"@type\":\"Organization\",\"@id\":\"https:\\\/\\\/tischtennis-weisenbach.de\\\/#organization\",\"name\":\"tischtennis-weisenbach.de\",\"url\":\"https:\\\/\\\/tischtennis-weisenbach.de\\\/\",\"logo\":{\"@type\":\"ImageObject\",\"inLanguage\":\"de\",\"@id\":\"https:\\\/\\\/tischtennis-weisenbach.de\\\/#\\\/schema\\\/logo\\\/image\\\/\",\"url\":\"https:\\\/\\\/tischtennis-weisenbach.de\\\/wp-content\\\/uploads\\\/2020\\\/10\\\/cropped-turnverein_logo-3.jpg\",\"contentUrl\":\"https:\\\/\\\/tischtennis-weisenbach.de\\\/wp-content\\\/uploads\\\/2020\\\/10\\\/cropped-turnverein_logo-3.jpg\",\"width\":159,\"height\":88,\"caption\":\"tischtennis-weisenbach.de\"},\"image\":{\"@id\":\"https:\\\/\\\/tischtennis-weisenbach.de\\\/#\\\/schema\\\/logo\\\/image\\\/\"}}]}<\/script>\n<!-- \/ Yoast SEO plugin. -->","yoast_head_json":{"title":"Impressum - tischtennis-weisenbach.de","robots":{"index":"index","follow":"follow","max-snippet":"max-snippet:-1","max-image-preview":"max-image-preview:large","max-video-preview":"max-video-preview:-1"},"canonical":"https:\/\/tischtennis-weisenbach.de\/index.php\/impressum\/","og_locale":"de_DE","og_type":"article","og_title":"Impressum - tischtennis-weisenbach.de","og_description":"Nachfolgend Angaben zur allgemeinen Informationspflicht: Turnverein Weisenbach e. V.Sporthalle Gaisbachstrasse, 76599 WeisenbachTel.: 07224\/4446Egner, GerhardIm Viertel 4, 767599 WeisenbachTel. P. 07224\/3473 E-Mail: gerhard.egner@web.deinternet: www.tischtennis-weisenbach.deVertretungsberechtigter Vorsitzender des TV Weisenbach e.V.: Roland Sch\u00e4fer Registergericht: Amtsgericht GernsbachRegisternummer: 20Inhaltlich verantwortlich gem\u00e4\u00df \u00a76 MDSTV: Ingo Weiler Haftungshinweis: Trotz sorgf\u00e4ltiger inhaltlicher Kontrolle \u00fcbernehmen wir keine Haftung f\u00fcr den Inhalt externer Links. F\u00fcr [&hellip;]","og_url":"https:\/\/tischtennis-weisenbach.de\/index.php\/impressum\/","og_site_name":"tischtennis-weisenbach.de","og_image":[{"url":"http:\/\/www.disclaimer.de\/images\/d_gold.gif","type":"","width":"","height":""}],"twitter_card":"summary_large_image","schema":{"@context":"https:\/\/schema.org","@graph":[{"@type":"WebPage","@id":"https:\/\/tischtennis-weisenbach.de\/index.php\/impressum\/","url":"https:\/\/tischtennis-weisenbach.de\/index.php\/impressum\/","name":"Impressum - tischtennis-weisenbach.de","isPartOf":{"@id":"https:\/\/tischtennis-weisenbach.de\/#website"},"primaryImageOfPage":{"@id":"https:\/\/tischtennis-weisenbach.de\/index.php\/impressum\/#primaryimage"},"image":{"@id":"https:\/\/tischtennis-weisenbach.de\/index.php\/impressum\/#primaryimage"},"thumbnailUrl":"http:\/\/www.disclaimer.de\/images\/d_gold.gif","datePublished":"2020-10-25T18:49:14+00:00","breadcrumb":{"@id":"https:\/\/tischtennis-weisenbach.de\/index.php\/impressum\/#breadcrumb"},"inLanguage":"de","potentialAction":[{"@type":"ReadAction","target":["https:\/\/tischtennis-weisenbach.de\/index.php\/impressum\/"]}]},{"@type":"ImageObject","inLanguage":"de","@id":"https:\/\/tischtennis-weisenbach.de\/index.php\/impressum\/#primaryimage","url":"http:\/\/www.disclaimer.de\/images\/d_gold.gif","contentUrl":"http:\/\/www.disclaimer.de\/images\/d_gold.gif"},{"@type":"BreadcrumbList","@id":"https:\/\/tischtennis-weisenbach.de\/index.php\/impressum\/#breadcrumb","itemListElement":[{"@type":"ListItem","position":1,"name":"Home","item":"https:\/\/tischtennis-weisenbach.de\/"},{"@type":"ListItem","position":2,"name":"Impressum"}]},{"@type":"WebSite","@id":"https:\/\/tischtennis-weisenbach.de\/#website","url":"https:\/\/tischtennis-weisenbach.de\/","name":"tischtennis-weisenbach.de","description":"","publisher":{"@id":"https:\/\/tischtennis-weisenbach.de\/#organization"},"potentialAction":[{"@type":"SearchAction","target":{"@type":"EntryPoint","urlTemplate":"https:\/\/tischtennis-weisenbach.de\/?s={search_term_string}"},"query-input":{"@type":"PropertyValueSpecification","valueRequired":true,"valueName":"search_term_string"}}],"inLanguage":"de"},{"@type":"Organization","@id":"https:\/\/tischtennis-weisenbach.de\/#organization","name":"tischtennis-weisenbach.de","url":"https:\/\/tischtennis-weisenbach.de\/","logo":{"@type":"ImageObject","inLanguage":"de","@id":"https:\/\/tischtennis-weisenbach.de\/#\/schema\/logo\/image\/","url":"https:\/\/tischtennis-weisenbach.de\/wp-content\/uploads\/2020\/10\/cropped-turnverein_logo-3.jpg","contentUrl":"https:\/\/tischtennis-weisenbach.de\/wp-content\/uploads\/2020\/10\/cropped-turnverein_logo-3.jpg","width":159,"height":88,"caption":"tischtennis-weisenbach.de"},"image":{"@id":"https:\/\/tischtennis-weisenbach.de\/#\/schema\/logo\/image\/"}}]}},"_links":{"self":[{"href":"https:\/\/tischtennis-weisenbach.de\/index.php\/wp-json\/wp\/v2\/pages\/136","targetHints":{"allow":["GET"]}}],"collection":[{"href":"https:\/\/tischtennis-weisenbach.de\/index.php\/wp-json\/wp\/v2\/pages"}],"about":[{"href":"https:\/\/tischtennis-weisenbach.de\/index.php\/wp-json\/wp\/v2\/types\/page"}],"author":[{"embeddable":true,"href":"https:\/\/tischtennis-weisenbach.de\/index.php\/wp-json\/wp\/v2\/users\/1"}],"replies":[{"embeddable":true,"href":"https:\/\/tischtennis-weisenbach.de\/index.php\/wp-json\/wp\/v2\/comments?post=136"}],"version-history":[{"count":0,"href":"https:\/\/tischtennis-weisenbach.de\/index.php\/wp-json\/wp\/v2\/pages\/136\/revisions"}],"wp:attachment":[{"href":"https:\/\/tischtennis-weisenbach.de\/index.php\/wp-json\/wp\/v2\/media?parent=136"}],"curies":[{"name":"wp","href":"https:\/\/api.w.org\/{rel}","templated":true}]}}